{"id":738,"date":"2018-03-20T10:16:05","date_gmt":"2018-03-20T10:16:05","guid":{"rendered":"https:\/\/scheerlinck-sport.be\/?page_id=738"},"modified":"2018-03-20T13:13:24","modified_gmt":"2018-03-20T13:13:24","slug":"terrain-de-tennis-en-caoutchouc","status":"publish","type":"page","link":"https:\/\/scheerlinck-sport.be\/fr\/installation\/linstallation-dun-terrain-de-tennis\/terrain-de-tennis-en-caoutchouc\/","title":{"rendered":"Caoutchouc"},"content":{"rendered":"<p>[vc_row][vc_column][vc_column_text]<\/p>\n<h1 data-fontsize=\"26\" data-lineheight=\"36\">Terrain de tennis en caoutchouc<\/h1>\n<p>Lorsque l\u2019on parle de \u00ab\u2009terrain en caoutchouc\u2009\u00bb, il est souvent question d\u2019une couche de base, surmont\u00e9e d\u2019un rev\u00eatement en caoutchouc. La couche de base est g\u00e9n\u00e9ralement compos\u00e9e d\u2019asphalte poreux ou de b\u00e9ton. Le rev\u00eatement en caoutchouc mesure 12\u00a0mm d\u2019\u00e9paisseur et est appliqu\u00e9 \u00e0 l\u2019aide d\u2019un finisseur \u00e9lectronique.<\/p>\n<p><strong>D\u00e9couvrez nos diff\u00e9rents types de caoutchouc en cliquant sur les onglets ci-dessous.<\/strong>[\/vc_column_text][\/vc_column][\/vc_row][vc_row][vc_column][vc_tta_tabs][vc_tta_section title=\u00a0\u00bbPOLYFLEX\u00a0\u00bb tab_id=\u00a0\u00bb1521207589784-5bfdf733-11dd\u00a0\u00bb][vc_column_text]<\/p>\n<h3 data-fontsize=\"18\" data-lineheight=\"27\">Polyflex<\/h3>\n<p>Polyflex est un type de Hard Court sur lequel deux couches de caoutchouc sont appliqu\u00e9es sur l\u2019asphalte. Le r\u00e9sultat\u2009? Une couche de structure ouverte, rouge ou verte. Ce type de terrain est souple et poreux, ce qui garantit une exp\u00e9rience de jeu ultraconfortable. Scheerlinck Sport a con\u00e7u une surface Polyflex pour\u00a0<strong>le Broqueville<\/strong>, \u00e0 Overijse, ainsi que pour\u00a0<strong>le Montpellier<\/strong>, \u00e0 Uccle.[\/vc_column_text][\/vc_tta_section][vc_tta_section title=\u00a0\u00bbPOLYFLEX EL\u00a0\u00bb tab_id=\u00a0\u00bb1521207589796-454a4a80-039c\u00a0\u00bb][vc_column_text]<\/p>\n<h3 data-fontsize=\"18\" data-lineheight=\"27\">Polyflex EL<\/h3>\n<p>Polyflex EL est compos\u00e9 d\u2019une couche absorbante de 8 \u00e0 10 mm en granules SBR, surmont\u00e9e de deux couches de granules EPDM. Gr\u00e2ce \u00e0 sa couche d\u2019absorption suppl\u00e9mentaire, ce syst\u00e8me offre un jeu plus souple et \u00e9galement plus lent. Le\u00a0<strong>KTC Beringen<\/strong>\u00a0et le\u00a0<strong>club Hallaert<\/strong>, \u00e0 Laarne, profitent pleinement de leurs courts Ployflex EL.[\/vc_column_text][\/vc_tta_section][vc_tta_section title=\u00a0\u00bbPOLYFLEX PLUS\u00a0\u00bb tab_id=\u00a0\u00bb1521207591755-cb86bfb0-cfe6&Prime;][vc_column_text]<\/p>\n<h3 data-fontsize=\"18\" data-lineheight=\"27\">Polyflex Plus<\/h3>\n<p>Polyflex Plus est un rev\u00eatement coul\u00e9 sur place, compos\u00e9 de granules EPDM perm\u00e9ables color\u00e9s. Tout comme pour le Polyflex EL, l\u2019\u00e9paisseur de cette couche synth\u00e9tique est d\u2019environ 8 \u00e0 10\u00a0mm. La surface para\u00eet unicolore et est disponible en vert ou en rouge. Scheerlinck Sport a install\u00e9 un court Polyflex Plus \u00e0\u00a0<strong>l\u2019ambassade chinoise \u00e0 Woluwe<\/strong>, ainsi qu\u2019au\u00a0<strong>Tennis Club d\u2019Odrimont<\/strong>, \u00e0 Lasne.[\/vc_column_text][\/vc_tta_section][\/vc_tta_tabs][\/vc_column][\/vc_row][vc_row][vc_column][vc_column_text]<strong>D\u00e9couvrez nos autres surfaces de jeu\u00a0:\u00a0<a href=\"https:\/\/scheerlinck-sport.be\/fr\/installation\/tennisveld-indoor-outdoor\/gravel\/\">Terre battue<\/a>\u00a0\u2022\u00a0<a href=\"https:\/\/scheerlinck-sport.be\/fr\/installation\/tennisveld-indoor-outdoor\/kunstgras\/\">Gazon synth\u00e9tique<\/a>\u00a0\u2022\u00a0<a href=\"https:\/\/scheerlinck-sport.be\/fr\/installation\/tennisveld-indoor-outdoor\/kunstgravel\/\">Terre synth\u00e9tique<\/a>\u00a0\u2022\u00a0<a href=\"https:\/\/scheerlinck-sport.be\/fr\/installation\/tennisveld-indoor-outdoor\/hardcourt\/\">Hard Court<\/a><\/strong>[\/vc_column_text][\/vc_column][\/vc_row]<\/p>\n","protected":false},"excerpt":{"rendered":"<p>[vc_row][vc_column][vc_column_text] Terrain de tennis en caoutchouc Lorsque l\u2019on parle de \u00ab\u2009terrain en caoutchouc\u2009\u00bb, il est souvent question d\u2019une couche de base, surmont\u00e9e d\u2019un rev\u00eatement en caoutchouc. La couche de base est g\u00e9n\u00e9ralement compos\u00e9e d\u2019asphalte poreux ou de b\u00e9ton. Le rev\u00eatement en caoutchouc mesure 12\u00a0mm d\u2019\u00e9paisseur et est appliqu\u00e9 \u00e0 l\u2019aide d\u2019un finisseur \u00e9lectronique. D\u00e9couvrez nos [&#8230;]<\/p>\n<p><a class=\"btn btn-secondary understrap-read-more-link\" href=\"https:\/\/scheerlinck-sport.be\/fr\/installation\/linstallation-dun-terrain-de-tennis\/terrain-de-tennis-en-caoutchouc\/\">Lire la suite&#8230;<\/a><\/p>\n","protected":false},"author":2,"featured_media":0,"parent":722,"menu_order":0,"comment_status":"closed","ping_status":"closed","template":"page-templates\/page-content.php","meta":[],"_links":{"self":[{"href":"https:\/\/scheerlinck-sport.be\/fr\/wp-json\/wp\/v2\/pages\/738"}],"collection":[{"href":"https:\/\/scheerlinck-sport.be\/fr\/wp-json\/wp\/v2\/pages"}],"about":[{"href":"https:\/\/scheerlinck-sport.be\/fr\/wp-json\/wp\/v2\/types\/page"}],"author":[{"embeddable":true,"href":"https:\/\/scheerlinck-sport.be\/fr\/wp-json\/wp\/v2\/users\/2"}],"replies":[{"embeddable":true,"href":"https:\/\/scheerlinck-sport.be\/fr\/wp-json\/wp\/v2\/comments?post=738"}],"version-history":[{"count":3,"href":"https:\/\/scheerlinck-sport.be\/fr\/wp-json\/wp\/v2\/pages\/738\/revisions"}],"predecessor-version":[{"id":803,"href":"https:\/\/scheerlinck-sport.be\/fr\/wp-json\/wp\/v2\/pages\/738\/revisions\/803"}],"up":[{"embeddable":true,"href":"https:\/\/scheerlinck-sport.be\/fr\/wp-json\/wp\/v2\/pages\/722"}],"wp:attachment":[{"href":"https:\/\/scheerlinck-sport.be\/fr\/wp-json\/wp\/v2\/media?parent=738"}],"curies":[{"name":"wp","href":"https:\/\/api.w.org\/{rel}","templated":true}]}}