{"id":729,"date":"2018-03-20T09:54:04","date_gmt":"2018-03-20T09:54:04","guid":{"rendered":"https:\/\/scheerlinck-sport.be\/?page_id=729"},"modified":"2018-03-23T15:14:27","modified_gmt":"2018-03-23T15:14:27","slug":"hardcourt","status":"publish","type":"page","link":"https:\/\/scheerlinck-sport.be\/fr\/installation\/linstallation-dun-terrain-de-tennis\/hardcourt\/","title":{"rendered":"Hard court"},"content":{"rendered":"<p>[vc_row][vc_column][vc_single_image image=\u00a0\u00bb453&Prime; img_size=\u00a0\u00bbfull\u00a0\u00bb][\/vc_column][\/vc_row][vc_row][vc_column][vc_column_text]<\/p>\n<h1 data-fontsize=\"26\" data-lineheight=\"36\"><strong>Terrain de tennis en dur<\/strong><\/h1>\n<p>Les terrains de type \u00ab\u2009hard court\u2009\u00bb offrent un\u00a0<strong>excellent rapport qualit\u00e9-prix<\/strong>. Il s\u2019agit d\u2019une surface dure, faite de b\u00e9ton ou d\u2019asphalte. Diff\u00e9rents rev\u00eatements peuvent y \u00eatre appliqu\u00e9s : de \u00ab\u2009dur\u2009\u00bb (court rapide) \u00e0 \u00ab\u2009flexible\u2009\u00bb (court lent). Les terrains de sport en dur exigent, en outre, peu d\u2019entretien.<\/p>\n<p><strong>Deux options de finition s\u2019offrent \u00e0 vous:<\/strong><\/p>\n<ul>\n<li>Monocouche : une couche de peinture acrylique dot\u00e9e de quartz garantit une finition plus durable et plus r\u00e9sistante.<\/li>\n<li>R\u00e9sine multicouche : une r\u00e9sine \u00e9lastique permet de lutter contre le mouvement de dilatation.<\/li>\n<\/ul>\n<p><strong>D\u00e9couvrez nos diff\u00e9rents types de Hard Courts en cliquant sur les onglets ci-dessous.<\/strong>[\/vc_column_text][\/vc_column][\/vc_row][vc_row][vc_column][vc_tta_tabs shape=\u00a0\u00bbsquare\u00a0\u00bb color=\u00a0\u00bbgreen\u00a0\u00bb active_section=\u00a0\u00bb1&Prime; no_fill_content_area=\u00a0\u00bbtrue\u00a0\u00bb][vc_tta_section title=\u00a0\u00bbCOURTSOL PRO PLUS\u00a0\u00bb tab_id=\u00a0\u00bb1521206707325-a86efae9-24dc\u00a0\u00bb][vc_column_text]<\/p>\n<h3 data-fontsize=\"18\" data-lineheight=\"27\">Courtsol Pro Plus<\/h3>\n<p>COURTSOL\u00a0PRO PLUS est un syst\u00e8me \u00e0\u00a09 couches pour la finition de terrains de\u00a0(multi-)sport sur b\u00e9ton ou tarmac. Ce syst\u00e8me combine 3 couches de base flexibles, 4 couches\u00a0interm\u00e9diaires de finition avec des particules de caoutchouc et une couche de finition\u00a0extr\u00eamement robuste.<\/p>\n<p>Le syst\u00e8me COURTSOL STANDING PLUS est dot\u00e9 d\u2019une couche sup\u00e9rieure peinte en plus, ce qui rend le court encore plus rapide\u2009! (ITF court pace 5!)<\/p>\n<p>Le<strong>\u00a0TC Koksijde<\/strong>\u00a0et le\u00a0<strong>TC Son\u00e9gien<\/strong>\u00a0ont fait appel \u00e0 Scheerlinck Sport pour un court Courtsol Pro Plus.<\/p>\n<p>Le r\u00e9sultat\u2009?\u00a0<strong>Un confort optimal, avec toutes les qualit\u00e9s de jeu n\u00e9cessaires pour pratiquer un sport de haut niveau\u2009!<\/strong>[\/vc_column_text][\/vc_tta_section][vc_tta_section title=\u00a0\u00bbCOURTSOL STANDING\u00a0\u00bb tab_id=\u00a0\u00bb1521206707338-c29036e4-32e0&Prime;][vc_column_text]<\/p>\n<h3 data-fontsize=\"18\" data-lineheight=\"27\">Courtsol Standing<\/h3>\n<p>COURTSOL\u00a0STANDING est un syst\u00e8me \u00e0\u00a03 couches pour la finition de terrains de\u00a0(multi-)sport sur b\u00e9ton ou tarmac. Ce syst\u00e8me est id\u00e9al pour la r\u00e9novation de sols us\u00e9s. Gr\u00e2ce\u00a0\u00e0 une capacit\u00e9 d\u2019\u00e9galisation\u00a0unique des\u00a0r\u00e9sines de Courtsol et une couche de finition extr\u00eamement robuste, la plan\u00e9it\u00e9 de ce syst\u00e8me est incroyable\u2009!<\/p>\n<p>Ce syst\u00e8me est id\u00e9al pour les clubs de tennis dont les terrains sont utilis\u00e9s de mani\u00e8re intensive, comme le\u00a0<strong>Mme De Broqueville<\/strong>, \u00e0 Lasne, ou le\u00a0<strong>Vermandere<\/strong>, \u00e0 Lier.[\/vc_column_text][\/vc_tta_section][vc_tta_section title=\u00a0\u00bbCOURTSOL COMFORT PLUS\u00a0\u00bb tab_id=\u00a0\u00bb1521206713720-00005de4-447f\u00a0\u00bb][vc_column_text]<\/p>\n<h3 data-fontsize=\"18\" data-lineheight=\"27\">Courtsol Comfort Plus<\/h3>\n<p>COURTSOL COMFORT est un syst\u00e8me \u00e0 4 couches coll\u00e9es sur une couche de caoutchouc. Il est utilis\u00e9 pour la finition des terrains de (multi-)sport. La sp\u00e9cificit\u00e9 de ce syst\u00e8me r\u00e9side dans la couche de caoutchouc interm\u00e9diaire, qui offre un confort suppl\u00e9mentaire aux joueurs et qui r\u00e9duit sensiblement le risque de blessure.<\/p>\n<p>Besoin de ce petit confort suppl\u00e9mentaire\u2009? Optez pour ce syst\u00e8me, tout comme le\u00a0<strong>TC Racso<\/strong>\u00a0et le<strong>\u00a0Royal Uccle<\/strong>\u00a0Sport.[\/vc_column_text][\/vc_tta_section][\/vc_tta_tabs][\/vc_column][\/vc_row][vc_row][vc_column][vc_column_text]<strong>D\u00e9couvrez nos autres surfaces de jeu\u00a0:\u00a0<a href=\"https:\/\/scheerlinck-sport.be\/fr\/installation\/tennisveld-indoor-outdoor\/kunstgravel\/\">Terre synth\u00e9tique<\/a>\u00a0\u2022\u00a0<a href=\"https:\/\/scheerlinck-sport.be\/fr\/installation\/tennisveld-indoor-outdoor\/kunstgras\/\">Gazon synth\u00e9tique<\/a>\u00a0\u2022\u00a0<a href=\"https:\/\/scheerlinck-sport.be\/fr\/installation\/tennisveld-indoor-outdoor\/gravel\/\">Terre battue<\/a>\u00a0\u2022\u00a0<a href=\"https:\/\/scheerlinck-sport.be\/fr\/installation\/tennisveld-indoor-outdoor\/rubber\/\">Caoutchouc<\/a><\/strong>[\/vc_column_text][\/vc_column][\/vc_row]<\/p>\n","protected":false},"excerpt":{"rendered":"<p>[vc_row][vc_column][vc_single_image image=\u00a0\u00bb453&Prime; img_size=\u00a0\u00bbfull\u00a0\u00bb][\/vc_column][\/vc_row][vc_row][vc_column][vc_column_text] Terrain de tennis en dur Les terrains de type \u00ab\u2009hard court\u2009\u00bb offrent un\u00a0excellent rapport qualit\u00e9-prix. Il s\u2019agit d\u2019une surface dure, faite de b\u00e9ton ou d\u2019asphalte. Diff\u00e9rents rev\u00eatements peuvent y \u00eatre appliqu\u00e9s : de \u00ab\u2009dur\u2009\u00bb (court rapide) \u00e0 \u00ab\u2009flexible\u2009\u00bb (court lent). Les terrains de sport en dur exigent, en outre, peu d\u2019entretien. Deux [&#8230;]<\/p>\n<p><a class=\"btn btn-secondary understrap-read-more-link\" href=\"https:\/\/scheerlinck-sport.be\/fr\/installation\/linstallation-dun-terrain-de-tennis\/hardcourt\/\">Lire la suite&#8230;<\/a><\/p>\n","protected":false},"author":2,"featured_media":0,"parent":722,"menu_order":0,"comment_status":"closed","ping_status":"closed","template":"page-templates\/page-content.php","meta":[],"_links":{"self":[{"href":"https:\/\/scheerlinck-sport.be\/fr\/wp-json\/wp\/v2\/pages\/729"}],"collection":[{"href":"https:\/\/scheerlinck-sport.be\/fr\/wp-json\/wp\/v2\/pages"}],"about":[{"href":"https:\/\/scheerlinck-sport.be\/fr\/wp-json\/wp\/v2\/types\/page"}],"author":[{"embeddable":true,"href":"https:\/\/scheerlinck-sport.be\/fr\/wp-json\/wp\/v2\/users\/2"}],"replies":[{"embeddable":true,"href":"https:\/\/scheerlinck-sport.be\/fr\/wp-json\/wp\/v2\/comments?post=729"}],"version-history":[{"count":3,"href":"https:\/\/scheerlinck-sport.be\/fr\/wp-json\/wp\/v2\/pages\/729\/revisions"}],"predecessor-version":[{"id":1446,"href":"https:\/\/scheerlinck-sport.be\/fr\/wp-json\/wp\/v2\/pages\/729\/revisions\/1446"}],"up":[{"embeddable":true,"href":"https:\/\/scheerlinck-sport.be\/fr\/wp-json\/wp\/v2\/pages\/722"}],"wp:attachment":[{"href":"https:\/\/scheerlinck-sport.be\/fr\/wp-json\/wp\/v2\/media?parent=729"}],"curies":[{"name":"wp","href":"https:\/\/api.w.org\/{rel}","templated":true}]}}