{"id":707,"date":"2018-03-20T09:18:35","date_gmt":"2018-03-20T09:18:35","guid":{"rendered":"https:\/\/scheerlinck-sport.be\/?page_id=707"},"modified":"2018-03-20T09:28:59","modified_gmt":"2018-03-20T09:28:59","slug":"hockeyveld","status":"publish","type":"page","link":"https:\/\/scheerlinck-sport.be\/fr\/installation\/hockeyveld\/","title":{"rendered":"Terrain de hockey"},"content":{"rendered":"<p>[vc_row][vc_column][vc_single_image image=\u00a0\u00bb488&Prime; img_size=\u00a0\u00bbfull\u00a0\u00bb][\/vc_column][\/vc_row][vc_row][vc_column][vc_column_text]<\/p>\n<h1 data-fontsize=\"26\" data-lineheight=\"36\">Terrain de hockey<\/h1>\n<p>Les termes hockey et gazon artificiel vont de pair depuis de nombreuses ann\u00e9es. Le hockey est devenu encore plus populaire ces derni\u00e8res ann\u00e9es, notamment gr\u00e2ce aux performances exceptionnelles de nos \u00e9quipes nationales.<\/p>\n<p><strong>Il existe trois cat\u00e9gories diff\u00e9rentes de gazon artificiel:<\/strong><\/p>\n<ul>\n<li>Terrains mouill\u00e9s<\/li>\n<li>Terrains semi-sabl\u00e9s<\/li>\n<li>Terrains sabl\u00e9s<\/li>\n<\/ul>\n<p>Avec\u00a0<strong>notre fournisseur Lano Sports<\/strong>, nous \u00e9laborons un type de gazon artificiel adapt\u00e9 \u00e0 chaque utilisateur. Ainsi, nous avons construit par exemple un terrain de hockey au bleu magnifique chez<strong>\u00a0RHC Herakles<\/strong>. D\u2019apr\u00e8s les joueurs du club, le terrain est comparable \u00e0 ceux utilis\u00e9s par les athl\u00e8tes des Jeux olympiques. \u00c0 Anvers, nous avons lanc\u00e9 la construction de deux nouveaux terrains d\u2019entra\u00eenement au\u00a0<strong>Centre of Excellence<\/strong>\u00a0(un endroit incroyable pour le hockey flamand), qui b\u00e9n\u00e9ficieront entre autres aux \u00e9quipes nationales.<\/p>\n<div class=\"onthouden\">\n<p>Ce que vous devez retenir:<\/p>\n<ul>\n<li><strong>Un terrain unique adapt\u00e9 \u00e0 votre club<\/strong><\/li>\n<li><strong>Que le projet soit modeste ou de conception internationale<\/strong><\/li>\n<\/ul>\n<\/div>\n<p><strong><br \/>\nD\u00e9couvrez nos surfaces pour terrains de hockey en cliquant sur les onglets ci-dessous.<\/strong>[\/vc_column_text][\/vc_column][\/vc_row][vc_row][vc_column][vc_tta_tabs style=\u00a0\u00bbflat\u00a0\u00bb shape=\u00a0\u00bbsquare\u00a0\u00bb color=\u00a0\u00bbgreen\u00a0\u00bb active_section=\u00a0\u00bb1&Prime;][vc_tta_section title=\u00a0\u00bbMouill\u00e9s\u00a0\u00bb tab_id=\u00a0\u00bb1521204074181-ff682ab8-5155&Prime;][vc_column_text]<\/p>\n<h3 data-fontsize=\"18\" data-lineheight=\"27\">Mouill\u00e9s<\/h3>\n<p class=\"p1\">Un terrain dit \u00ab\u2009mouill\u00e9\u2009\u00bb est fait de courtes fibres de poly\u00e9thyl\u00e8ne. Une premi\u00e8re couche d\u2019eau doit donc tout d\u2019abord \u00eatre install\u00e9e sur le terrain. Les principaux avantages d\u2019un terrain mouill\u00e9 sont la rapidit\u00e9 et le roul\u00e9 de balle fluide. Ce type de surface \u00e9vite \u00e9galement toute br\u00fblure \u00e0 la suite d\u2019une chute ou d\u2019une glissade.<\/p>\n<p>[\/vc_column_text][\/vc_tta_section][vc_tta_section title=\u00a0\u00bbSemi-sabl\u00e9s\u00a0\u00bb tab_id=\u00a0\u00bb1521204074193-54feccd8-f913&Prime;][vc_column_text]<\/p>\n<h3 data-fontsize=\"18\" data-lineheight=\"27\">Semi-sabl\u00e9s<\/h3>\n<p>Les terrains semi-sabl\u00e9sont de nombreux points communs avec les terrains sabl\u00e9s.<\/p>\n<p>Ils pr\u00e9sentent toutefois une couche de sable plus fine. Le type de fibres du gazon synth\u00e9tique est \u00e9galement l\u00e9g\u00e8rement diff\u00e9rent, de mani\u00e8re \u00e0 recouvrir suffisamment la couche de sable. Les joueurs risquent ainsi moins de s\u2019\u00e9rafler ou de s\u2019\u00e9corcher, puisque leur peau n\u2019entre pas en contact avec les granules rugueux de sable. Un terrain semi-sabl\u00e9 garantit, en outre, le\u00a0roul\u00e9 de balle parfait\u2009! Qu\u2019attendez-vous\u2009?[\/vc_column_text][\/vc_tta_section][vc_tta_section title=\u00a0\u00bbSabl\u00e9s\u00a0\u00bb tab_id=\u00a0\u00bb1521204079533-35a2b8e0-f385&Prime;][vc_column_text]<\/p>\n<h3 data-fontsize=\"18\" data-lineheight=\"27\">Sabl\u00e9s<\/h3>\n<p>Les terrains sabl\u00e9s repr\u00e9sentent l\u2019une des options les moins co\u00fbteuses. Compos\u00e9s \u00e0 100\u00a0% de polypropyl\u00e8ne, ils sont lest\u00e9s de sable. Les fibres du gazon restent bien droites gr\u00e2ce au lestage de sable, gage d\u2019une grande stabilit\u00e9 et d\u2019une r\u00e9sistance \u00e0 l\u2019usure plus \u00e9lev\u00e9e. La surface r\u00e9guli\u00e8re garantit, en outre, un roul\u00e9 de balle uniforme. Ces terrains dits \u00ab\u2009sabl\u00e9s\u2009\u00bb sont multifonctionnels et conviennent parfaitement \u00e0 un usage r\u00e9cr\u00e9atif dans toutes les communes ou dans tous les clubs.[\/vc_column_text][\/vc_tta_section][\/vc_tta_tabs][\/vc_column][\/vc_row][vc_row][vc_column][vc_column_text]Curieux de voir le r\u00e9sultat final\u2009? Cliquez sur les photos ci-dessous.[\/vc_column_text][\/vc_column][\/vc_row][vc_row][vc_column][vc_gallery type=\u00a0\u00bbimage_grid\u00a0\u00bb images=\u00a0\u00bb510,493,495&Prime;][\/vc_column][\/vc_row]<\/p>\n","protected":false},"excerpt":{"rendered":"<p>[vc_row][vc_column][vc_single_image image=\u00a0\u00bb488&Prime; img_size=\u00a0\u00bbfull\u00a0\u00bb][\/vc_column][\/vc_row][vc_row][vc_column][vc_column_text] Terrain de hockey Les termes hockey et gazon artificiel vont de pair depuis de nombreuses ann\u00e9es. Le hockey est devenu encore plus populaire ces derni\u00e8res ann\u00e9es, notamment gr\u00e2ce aux performances exceptionnelles de nos \u00e9quipes nationales. Il existe trois cat\u00e9gories diff\u00e9rentes de gazon artificiel: Terrains mouill\u00e9s Terrains semi-sabl\u00e9s Terrains sabl\u00e9s Avec\u00a0notre fournisseur Lano [&#8230;]<\/p>\n<p><a class=\"btn btn-secondary understrap-read-more-link\" href=\"https:\/\/scheerlinck-sport.be\/fr\/installation\/hockeyveld\/\">Lire la suite&#8230;<\/a><\/p>\n","protected":false},"author":2,"featured_media":0,"parent":705,"menu_order":0,"comment_status":"closed","ping_status":"closed","template":"page-templates\/page-content.php","meta":[],"_links":{"self":[{"href":"https:\/\/scheerlinck-sport.be\/fr\/wp-json\/wp\/v2\/pages\/707"}],"collection":[{"href":"https:\/\/scheerlinck-sport.be\/fr\/wp-json\/wp\/v2\/pages"}],"about":[{"href":"https:\/\/scheerlinck-sport.be\/fr\/wp-json\/wp\/v2\/types\/page"}],"author":[{"embeddable":true,"href":"https:\/\/scheerlinck-sport.be\/fr\/wp-json\/wp\/v2\/users\/2"}],"replies":[{"embeddable":true,"href":"https:\/\/scheerlinck-sport.be\/fr\/wp-json\/wp\/v2\/comments?post=707"}],"version-history":[{"count":6,"href":"https:\/\/scheerlinck-sport.be\/fr\/wp-json\/wp\/v2\/pages\/707\/revisions"}],"predecessor-version":[{"id":719,"href":"https:\/\/scheerlinck-sport.be\/fr\/wp-json\/wp\/v2\/pages\/707\/revisions\/719"}],"up":[{"embeddable":true,"href":"https:\/\/scheerlinck-sport.be\/fr\/wp-json\/wp\/v2\/pages\/705"}],"wp:attachment":[{"href":"https:\/\/scheerlinck-sport.be\/fr\/wp-json\/wp\/v2\/media?parent=707"}],"curies":[{"name":"wp","href":"https:\/\/api.w.org\/{rel}","templated":true}]}}